{"id":175,"date":"2025-01-23T04:37:52","date_gmt":"2025-01-23T04:37:52","guid":{"rendered":"https:\/\/elitemaison.fr\/?page_id=175"},"modified":"2025-02-21T09:33:36","modified_gmt":"2025-02-21T04:33:36","slug":"impressum","status":"publish","type":"page","link":"https:\/\/elitemaison.fr\/en\/impressum\/","title":{"rendered":"impressum"},"content":{"rendered":"<div data-elementor-type=\"wp-page\" data-elementor-id=\"175\" class=\"elementor elementor-175\" data-elementor-post-type=\"page\">\n\t\t\t\t<div class=\"elementor-element elementor-element-4538be50 e-flex e-con-boxed wpr-particle-no wpr-jarallax-no wpr-parallax-no wpr-sticky-section-no wpr-equal-height-no e-con e-parent\" data-id=\"4538be50\" data-element_type=\"container\" data-e-type=\"container\">\n\t\t\t\t\t<div class=\"e-con-inner\">\n\t\t\t\t<div class=\"elementor-element elementor-element-1b7c0e5 elementor-invisible elementor-widget elementor-widget-heading\" data-id=\"1b7c0e5\" data-element_type=\"widget\" data-e-type=\"widget\" data-settings=\"{&quot;_animation&quot;:&quot;fadeInUp&quot;}\" data-widget_type=\"heading.default\">\n\t\t\t\t<div class=\"elementor-widget-container\">\n\t\t\t\t\t<h2 class=\"elementor-heading-title elementor-size-default\">Impressum<\/h2>\t\t\t\t<\/div>\n\t\t\t\t<\/div>\n\t\t<div class=\"elementor-element elementor-element-17a90b18 e-con-full e-flex wpr-particle-no wpr-jarallax-no wpr-parallax-no wpr-sticky-section-no wpr-equal-height-no e-con e-child\" data-id=\"17a90b18\" data-element_type=\"container\" data-e-type=\"container\">\n\t\t\t\t<div class=\"elementor-element elementor-element-71f19f19 elementor-widget elementor-widget-text-editor\" data-id=\"71f19f19\" data-element_type=\"widget\" data-e-type=\"widget\" data-widget_type=\"text-editor.default\">\n\t\t\t\t<div class=\"elementor-widget-container\">\n\t\t\t\t\t\t\t\t\t<p>Imprint - Responsible for the content of this homepage:<\/p><p>Euronetworkonline GmbH<\/p><p>Ida-Ehre-Platz 12, 20095, Hamburg, Deutschland<\/p><p>Telefonnummer: +49 (0) 40 303 74 590, +49 (0) 40 303 72 891<\/p><p>Mobile: 0173 911 11 07, 0173 911 11 30<\/p><p>E-Mail: info.enwoweb@gmail.com<\/p><p>Represented by his business manager:<\/p><p>Mrs. Inna Sorokina<\/p><p>Phone number: +49 (0) 40 303 74 590<\/p><p>Mobile: 0173 911 11 07<\/p><p>E-Mail:info.enwoweb@gmail.com<\/p><p>Internet: https:\/\/elitemaison.fr\/<\/p><p>Ust. ld nr.: DE 306837962<\/p><p>Advice, photos and texts:<\/p><p>BIN \/ IIN 831108401067,<\/p><p>Solomchenko Marina Vasilevna,<\/p><p>050019, Respublika Kazakstan, g.Almaty, str.Rajymbeka, d.506, kv.25.<\/p><p>tel: +7 701 226 23 68<\/p><p>E-Mail: m.solomchenko@gmail.com<\/p><p>Internet: https:\/\/elitemaison.fr\/<\/p><p>Pictures with the kind support of www.pixelio.de , www.fotolia.de owie www.aboutpixel.de and their photographers.\u00a0Photo credits: Billets and irons \u00a9 ArtHdesign \u2013 Fotolia.com<\/p><p>Liability advice:<\/p><p><strong>1. Content of the online offer<\/strong><\/p><p>ENWO GmbH, hereinafter the author, assumes no responsibility for the topicality, correctness, completeness or quality of the information provided. Liability claims against the author, which relate to material or non-material damage caused by the use or non-use of the information provided or by the use of incorrect and incomplete information, are excluded in principle, provided that there is no demonstrably intentional or grossly negligent fault on the part of the author. All offers are subject to change and non-binding. The author expressly reserves the right to change, supplement or delete parts of the pages or the entire offer without separate announcement or to discontinue publication temporarily or permanently.<\/p><p><strong>2. References and Links<\/strong><\/p><p>In the case of direct or indirect references to third-party websites (\"hyperlinks\") that are external?is it beyond the scope of responsibility of the author, was a liability obligation excluded?shall enter into force in the event that the author has knowledge of the contents and it would be technically possible and reasonable for him to prevent the use in the event of illegal contents. The author hereby expressly declares that at the time of linking, no illegal content was recognizable on the linked pages. The author has no influence whatsoever on the current and future design, content or authorship of the linked\/linked pages. Therefore, he hereby expressly dissociates himself from all contents of all linked \/ linked pages that were changed after the link was set. This statement applies to all links and references set within the author's own Internet offer as well as to third-party entries in guest books, discussion forums, link directories, mailing lists set up by the author and in all other forms of databases to whose content external write access is possible. For illegal, incorrect or incomplete content and in particular for damage arising from the use or non-use of such information provided, only the provider of the page to which reference was made is liable, not the one who merely refers to the respective publication via links. Masthead<\/p><p><strong>3. Copyright and trademark law<\/strong><\/p><p>The author endeavors to observe the copyrights of the graphics, sound documents, video sequences and texts used in all publications, to use graphics, sound documents, video sequences and texts created by himself or to access license-free graphics, sound documents, video sequences and texts. All brands and trademarks mentioned within the Internet offer and possibly protected by third parties are subject without restriction to the provisions of the applicable trademark law and the ownership rights of the respective registered owners. Just because of the blo?it is not to be concluded that trademarks are not protected by the rights of third parties! The copyright for published objects created by the author himself remains solely with the author of the pages. Reproduction or use of such graphics, sound documents, video sequences and texts in other electronic or printed publications is not permitted without the express consent of the author.<\/p><p><strong>4. Datenschutz<\/strong><\/p><p>Sofern innerhalb des Internetangebotes die Moglichkeit zur Eingabe personlicher oder geschaftlicher Daten (E-mail Adressen, Namen, Anschriften) besteht, so erfolgt die Preisgabe dieser Daten seitens des Nutzers auf ausdrucklich freiwilliger Basis. Die Inanspruchnahme und Bezahlung aller angebotenen Dienste ist \u2013 soweit technisch moglich und zumutbar \u2013 auch ohne Angabe solcher Daten bzw. unter Angabe anonymisierter Daten oder eines Pseudonyms gestattet. Die Nutzung der im Rahmen des Impressums oder vergleichbarer Angaben veroffentlichten Kontaktdaten wie Postanschriften, Telefon- und Faxnummern sowie Emailadressen durch Dritte zur Ubersendung von nicht ausdrucklich angeforderten Informationen ist nicht gestattet. Rechtliche Schritte gegen die Versender von sogenannten Spam-Mails bei Verstossen gegen dieses Verbot sind ausdrucklich vorbehalten.<\/p><p>ENWO GmbH verpflichtet sich Ihre Daten vertraulich zu behandeln. ENWO GmbH wird die ihr im Rahmen dieser Datenerfassung bekannt werdenden personenbezogenen Daten unter Beachtung des Bundesdatenschutzgesetzes bearbeiten und geheim halten. Die Mitarbeiter von ENWO GmbH sind auf das Datenschutzgeheimnis gema? \u00a75 BDSG verpflichtet. Ihre an uns ubermittelten Daten werden von uns nicht an Dritte weitergegeben.<\/p><p><strong>5. Rechtswirksamkeit dieses Haftungsausschlusses<\/strong><\/p><p>Dieser Haftungsausschluss ist als Teil des Internetangebotes zu betrachten, von dem aus auf diese Seite verwiesen wurde.<\/p><p>ENWO GmbH<\/p><p>Ida-Ehre-Platz 12, 20095, Hamburg<\/p><p>Telefonnummer: +49 (0) 40 303 74 590, +49 (0) 40 303 72 891<\/p><p>Mobile: 0173 911 11 07, 0173 911 11 30<\/p>\t\t\t\t\t\t\t\t<\/div>\n\t\t\t\t<\/div>\n\t\t\t\t<div class=\"elementor-element elementor-element-330c3b65 elementor-invisible elementor-widget elementor-widget-heading\" data-id=\"330c3b65\" data-element_type=\"widget\" data-e-type=\"widget\" data-settings=\"{&quot;_animation&quot;:&quot;fadeInUp&quot;}\" data-widget_type=\"heading.default\">\n\t\t\t\t<div class=\"elementor-widget-container\">\n\t\t\t\t\t<h3 class=\"elementor-heading-title elementor-size-default\">Lire d'autres articles:<\/h3>\t\t\t\t<\/div>\n\t\t\t\t<\/div>\n\t\t\t\t<div class=\"elementor-element elementor-element-2dab525b elementor-widget__width-inherit elementor-widget elementor-widget-wpr-magazine-grid\" data-id=\"2dab525b\" data-element_type=\"widget\" data-e-type=\"widget\" data-widget_type=\"wpr-magazine-grid.default\">\n\t\t\t\t<div class=\"elementor-widget-container\">\n\t\t\t\t\t<div class=\"wpr-magazine-grid-wrap\"  data-slide-effect=\"\"><section class=\"wpr-magazine-grid wpr-mgzn-grid-3-h wpr-mgzn-grid-rows-1\"><article class=\"wpr-mgzn-grid-item elementor-clearfix post-1436 post type-post status-publish format-standard has-post-thumbnail hentry category-news\"><div class=\"wpr-grid-item-inner\"><div class=\"wpr-grid-media-wrap\" data-overlay-link=\"yes\"><div class=\"wpr-grid-image-wrap\" data-src=\"https:\/\/elitemaison.fr\/wp-content\/uploads\/2025\/02\/64926810_1602083779925697_1221463514983394607_n.jpg\" style=\"background-image: url(https:\/\/elitemaison.fr\/wp-content\/uploads\/2025\/02\/64926810_1602083779925697_1221463514983394607_n.jpg)\"><\/div><div class=\"wpr-grid-media-hover wpr-animation-wrap\"><div class=\"wpr-grid-media-hover-bg  wpr-overlay-fade-in wpr-anim-size-medium wpr-anim-timing-ease-out\" data-url=\"https:\/\/elitemaison.fr\/en\/projets-en-cours-et-actualit-s\/\"><\/div><div class=\"wpr-grid-media-hover-bottom elementor-clearfix\"><h3 class=\"wpr-grid-item-title elementor-repeater-item-5e04e9d wpr-grid-item-display-inline wpr-grid-item-align-center wpr-pointer-none wpr-pointer-line-fx wpr-pointer-fx-fade\"><div class=\"inner-block\"><a  target=\"_self\"  href=\"https:\/\/elitemaison.fr\/en\/projets-en-cours-et-actualit-s\/\">Travertin sur la fa\u00e7ade<\/a><\/div><\/h3><\/div><\/div><\/div><\/div><\/article><article class=\"wpr-mgzn-grid-item elementor-clearfix post-2015 post type-post status-publish format-standard has-post-thumbnail hentry category-news\"><div class=\"wpr-grid-item-inner\"><div class=\"wpr-grid-media-wrap\" data-overlay-link=\"yes\"><div class=\"wpr-grid-image-wrap\" data-src=\"https:\/\/elitemaison.fr\/wp-content\/uploads\/2025\/02\/mosa-que-pour-rev-tement-de-sol-4.jpg\" style=\"background-image: url(https:\/\/elitemaison.fr\/wp-content\/uploads\/2025\/02\/mosa-que-pour-rev-tement-de-sol-4.jpg)\"><\/div><div class=\"wpr-grid-media-hover wpr-animation-wrap\"><div class=\"wpr-grid-media-hover-bg  wpr-overlay-fade-in wpr-anim-size-medium wpr-anim-timing-ease-out\" data-url=\"https:\/\/elitemaison.fr\/en\/mosa-que-pour-rev-tement-de-sol\/\"><\/div><div class=\"wpr-grid-media-hover-bottom elementor-clearfix\"><h3 class=\"wpr-grid-item-title elementor-repeater-item-5e04e9d wpr-grid-item-display-inline wpr-grid-item-align-center wpr-pointer-none wpr-pointer-line-fx wpr-pointer-fx-fade\"><div class=\"inner-block\"><a  target=\"_self\"  href=\"https:\/\/elitemaison.fr\/en\/mosa-que-pour-rev-tement-de-sol\/\">Mosaic for flooring<\/a><\/div><\/h3><\/div><\/div><\/div><\/div><\/article><article class=\"wpr-mgzn-grid-item elementor-clearfix post-2056 post type-post status-publish format-standard has-post-thumbnail hentry category-news\"><div class=\"wpr-grid-item-inner\"><div class=\"wpr-grid-media-wrap\" data-overlay-link=\"yes\"><div class=\"wpr-grid-image-wrap\" data-src=\"https:\/\/elitemaison.fr\/wp-content\/uploads\/2025\/02\/escaliers-en-granit-et-en-travertin-5.jpg\" style=\"background-image: url(https:\/\/elitemaison.fr\/wp-content\/uploads\/2025\/02\/escaliers-en-granit-et-en-travertin-5.jpg)\"><\/div><div class=\"wpr-grid-media-hover wpr-animation-wrap\"><div class=\"wpr-grid-media-hover-bg  wpr-overlay-fade-in wpr-anim-size-medium wpr-anim-timing-ease-out\" data-url=\"https:\/\/elitemaison.fr\/en\/escaliers-en-granit-et-en-travertin\/\"><\/div><div class=\"wpr-grid-media-hover-bottom elementor-clearfix\"><h3 class=\"wpr-grid-item-title elementor-repeater-item-5e04e9d wpr-grid-item-display-inline wpr-grid-item-align-center wpr-pointer-none wpr-pointer-line-fx wpr-pointer-fx-fade\"><div class=\"inner-block\"><a  target=\"_self\"  href=\"https:\/\/elitemaison.fr\/en\/escaliers-en-granit-et-en-travertin\/\">Granite and travertine stairs<\/a><\/div><\/h3><\/div><\/div><\/div><\/div><\/article><\/section><\/div>\t\t\t\t<\/div>\n\t\t\t\t<\/div>\n\t\t\t\t<\/div>\n\t\t\t\t\t<\/div>\n\t\t\t\t<\/div>\n\t\t\t\t<\/div>","protected":false},"excerpt":{"rendered":"<p>Impressum Impressum \u2013 Verantwortlich fur die Inhalte dieser Homepage: Euronetworkonline GmbH Ida-Ehre-Platz 12, 20095, Hamburg, Deutschland Telefonnummer: +49 (0) 40 303 74 590, +49 (0) 40 303 72 891 Mobile: 0173 911 11 07, 0173 911 11 30 E-Mail: info.enwoweb@gmail.com Vertreten durch seinen Geschaftsfuhrer: Frau Inna Sorokina Telefonnummer: +49 (0) 40 303 74 590 Mobile: 0173 911 11 07 E-Mail:info.enwoweb@gmail.com Internet: https:\/\/elitemaison.fr\/ Ust. ld nr.: DE 306837962 Beratung, Fotos und Texte: BIN \/ IIN 831108401067, Solomchenko Marina Vasilevna, 050019, Respublika Kazakstan, g.Almaty, str.Rajymbeka, d.506, kv.25. tel: +7 701 226 23 68 E-Mail: m.solomchenko@gmail.com Internet: https:\/\/elitemaison.fr\/ Bilder mit freundlicher Unterst\u00fctzung\u00a0von\u00a0www.pixelio.de,\u00a0www.fotolia.de\u00a0owie\u00a0www.aboutpixel.de\u00a0und deren Fotografen.\u00a0Bildernachweis: Kn\u00fcppel und Eisen\u00a0\u00a9\u00a0ArtHdesign \u2013 Fotolia.com Haftungshinweis: 1. Inhalt des Onlineangebotes ENWO GmbH, im folgenden Autor, ubernimmt keinerlei Gewahr fur die Aktualitat, Korrektheit, Vollstandigkeit oder Qualitat der bereitgestellten Informationen. Haftungsanspruche gegen den Autor, welche sich auf Schaden materieller oder ideeller Art beziehen, die durch die Nutzung oder Nichtnutzung der dargebotenen Informationen bzw. durch die Nutzung fehlerhafter und unvollstandiger Informationen verursacht wurden, sind grundsatzlich ausgeschlossen, sofern seitens des Autors kein nachweislich vorsatzliches oder grob fahrlassiges Verschulden vorliegt. Alle Angebote sind freibleibend und unverbindlich. Der Autor behalt es sich ausdrucklich vor, Teile der Seiten oder das gesamte Angebot ohne gesonderte Ankundigung zu verandern, zu erganzen, zu loschen oder die Veroffentlichung zeitweise oder endgultig einzustellen. 2. Verweise und Links Bei direkten oder indirekten Verweisen auf fremde Webseiten (\u201eHyperlinks\u201c), die au?erhalb des Verantwortungsbereiches des Autors liegen, wurde eine Haftungsverpflichtung ausschlie?lich in dem Fall in Kraft treten, in dem der Autor von den Inhalten Kenntnis hat und es ihm technisch moglich und zumutbar ware, die Nutzung im Falle rechtswidriger Inhalte zu verhindern. Der Autor erklart hiermit ausdrucklich, dass zum Zeitpunkt der Linksetzung keine illegalen Inhalte auf den zu verlinkenden Seiten erkennbar waren. Auf die aktuelle und zukunftige Gestaltung, die Inhalte oder die Urheberschaft der verlinkten\/verknupften Seiten hat der Autor keinerlei Einfluss. Deshalb distanziert er sich hiermit ausdrucklich von allen Inhalten aller verlinkten \/ verknupften Seiten, die nach der Linksetzung verandert wurden. Diese Feststellung gilt fur alle innerhalb des eigenen Internetangebotes gesetzten Links und Verweise sowie fur Fremdeintrage in vom Autor eingerichteten Gastebuchern, Diskussionsforen, Linkverzeichnissen, Mailinglisten und in allen anderen Formen von Datenbanken, auf deren Inhalt externe Schreibzugriffe moglich sind. Fur illegale, fehlerhafte oder unvollstandige Inhalte und insbesondere fur Schaden, die aus der Nutzung oder Nichtnutzung solcherart dargebotener Informationen entstehen, haftet allein der Anbieter der Seite, auf welche verwiesen wurde, nicht derjenige, der uber Links auf die jeweilige Veroffentlichung lediglich verweist. Impressum 3. Urheber- und Kennzeichenrecht Der Autor ist bestrebt, in allen Publikationen die Urheberrechte der verwendeten Grafiken, Tondokumente, Videosequenzen und Texte zu beachten, von ihm selbst erstellte Grafiken, Tondokumente, Videosequenzen und Texte zu nutzen oder auf lizenzfreie Grafiken, Tondokumente, Videosequenzen und Texte zuruckzugreifen. Alle innerhalb des Internetangebotes genannten und ggf. durch Dritte geschutzten Marken- und Warenzeichen unterliegen uneingeschrankt den Bestimmungen des jeweils gultigen Kennzeichenrechts und den Besitzrechten der jeweiligen eingetragenen Eigentumer. Allein aufgrund der blo?en Nennung ist nicht der Schluss zu ziehen, dass Markenzeichen nicht durch Rechte Dritter geschutzt sind! Das Copyright fur veroffentlichte, vom Autor selbst erstellte Objekte bleibt allein beim Autor der Seiten. Eine Vervielfaltigung oder Verwendung solcher Grafiken, Tondokumente, Videosequenzen und Texte in anderen elektronischen oder gedruckten Publikationen ist ohne ausdruckliche Zustimmung des Autors nicht gestattet. 4. Datenschutz Sofern innerhalb des Internetangebotes die Moglichkeit zur Eingabe personlicher oder geschaftlicher Daten (E-mail Adressen, Namen, Anschriften) besteht, so erfolgt die Preisgabe dieser Daten seitens des Nutzers auf ausdrucklich freiwilliger Basis. Die Inanspruchnahme und Bezahlung aller angebotenen Dienste ist \u2013 soweit technisch moglich und zumutbar \u2013 auch ohne Angabe solcher Daten bzw. unter Angabe anonymisierter Daten oder eines Pseudonyms gestattet. Die Nutzung der im Rahmen des Impressums oder vergleichbarer Angaben veroffentlichten Kontaktdaten wie Postanschriften, Telefon- und Faxnummern sowie Emailadressen durch Dritte zur Ubersendung von nicht ausdrucklich angeforderten Informationen ist nicht gestattet. Rechtliche Schritte gegen die Versender von sogenannten Spam-Mails bei Verstossen gegen dieses Verbot sind ausdrucklich vorbehalten. ENWO GmbH verpflichtet sich Ihre Daten vertraulich zu behandeln. ENWO GmbH wird die ihr im Rahmen dieser Datenerfassung bekannt werdenden personenbezogenen Daten unter Beachtung des Bundesdatenschutzgesetzes bearbeiten und geheim halten. Die Mitarbeiter von ENWO GmbH sind auf das Datenschutzgeheimnis gema? \u00a75 BDSG verpflichtet. Ihre an uns ubermittelten Daten werden von uns nicht an Dritte weitergegeben. 5. Rechtswirksamkeit dieses Haftungsausschlusses Dieser Haftungsausschluss ist als Teil des Internetangebotes zu betrachten, von dem aus auf diese Seite verwiesen wurde. ENWO GmbH Ida-Ehre-Platz 12, 20095, Hamburg Telefonnummer: +49 (0) 40 303 74 590, +49 (0) 40 303 72 891 Mobile: 0173 911 11 07, 0173 911 11 30 Lire d&rsquo;autres articles: Travertin sur la fa\u00e7ade Mosa\u00efque pour rev\u00eatement de sol Escaliers en granit et en travertin<\/p>","protected":false},"author":2,"featured_media":0,"parent":0,"menu_order":0,"comment_status":"closed","ping_status":"closed","template":"","meta":{"site-sidebar-layout":"default","site-content-layout":"","ast-site-content-layout":"default","site-content-style":"default","site-sidebar-style":"default","ast-global-header-display":"","ast-banner-title-visibility":"","ast-main-header-display":"","ast-hfb-above-header-display":"","ast-hfb-below-header-display":"","ast-hfb-mobile-header-display":"","site-post-title":"","ast-breadcrumbs-content":"","ast-featured-img":"","footer-sml-layout":"","ast-disable-related-posts":"","theme-transparent-header-meta":"default","adv-header-id-meta":"","stick-header-meta":"","header-above-stick-meta":"","header-main-stick-meta":"","header-below-stick-meta":"","astra-migrate-meta-layouts":"set","ast-page-background-enabled":"default","ast-page-background-meta":{"desktop":{"background-color":"var(--ast-global-color-5)","background-image":"","background-repeat":"repeat","background-position":"center center","background-size":"auto","background-attachment":"scroll","background-type":"","background-media":"","overlay-type":"","overlay-color":"","overlay-opacity":"","overlay-gradient":""},"tablet":{"background-color":"","background-image":"","background-repeat":"repeat","background-position":"center center","background-size":"auto","background-attachment":"scroll","background-type":"","background-media":"","overlay-type":"","overlay-color":"","overlay-opacity":"","overlay-gradient":""},"mobile":{"background-color":"","background-image":"","background-repeat":"repeat","background-position":"center center","background-size":"auto","background-attachment":"scroll","background-type":"","background-media":"","overlay-type":"","overlay-color":"","overlay-opacity":"","overlay-gradient":""}},"ast-content-background-meta":{"desktop":{"background-color":"var(--ast-global-color-4)","background-image":"","background-repeat":"repeat","background-position":"center center","background-size":"auto","background-attachment":"scroll","background-type":"","background-media":"","overlay-type":"","overlay-color":"","overlay-opacity":"","overlay-gradient":""},"tablet":{"background-color":"var(--ast-global-color-4)","background-image":"","background-repeat":"repeat","background-position":"center center","background-size":"auto","background-attachment":"scroll","background-type":"","background-media":"","overlay-type":"","overlay-color":"","overlay-opacity":"","overlay-gradient":""},"mobile":{"background-color":"var(--ast-global-color-4)","background-image":"","background-repeat":"repeat","background-position":"center center","background-size":"auto","background-attachment":"scroll","background-type":"","background-media":"","overlay-type":"","overlay-color":"","overlay-opacity":"","overlay-gradient":""}},"_joinchat":[],"footnotes":""},"class_list":["post-175","page","type-page","status-publish","hentry"],"rttpg_featured_image_url":null,"rttpg_author":{"display_name":"\u0410\u043d\u0434\u0440\u0435\u0439","author_link":"https:\/\/elitemaison.fr\/en\/author\/sasanov\/"},"rttpg_comment":0,"rttpg_category":"","rttpg_excerpt":"Impressum Impressum \u2013 Verantwortlich fur die Inhalte dieser Homepage: Euronetworkonline GmbH Ida-Ehre-Platz 12, 20095, Hamburg, Deutschland Telefonnummer: +49 (0) 40 303 74 590, +49 (0) 40 303 72 891 Mobile: 0173 911 11 07, 0173 911 11 30 E-Mail: info.enwoweb@gmail.com Vertreten durch seinen Geschaftsfuhrer: Frau Inna Sorokina Telefonnummer: +49 (0) 40 303 74 590 Mobile:&hellip;","_links":{"self":[{"href":"https:\/\/elitemaison.fr\/en\/wp-json\/wp\/v2\/pages\/175","targetHints":{"allow":["GET"]}}],"collection":[{"href":"https:\/\/elitemaison.fr\/en\/wp-json\/wp\/v2\/pages"}],"about":[{"href":"https:\/\/elitemaison.fr\/en\/wp-json\/wp\/v2\/types\/page"}],"author":[{"embeddable":true,"href":"https:\/\/elitemaison.fr\/en\/wp-json\/wp\/v2\/users\/2"}],"replies":[{"embeddable":true,"href":"https:\/\/elitemaison.fr\/en\/wp-json\/wp\/v2\/comments?post=175"}],"version-history":[{"count":15,"href":"https:\/\/elitemaison.fr\/en\/wp-json\/wp\/v2\/pages\/175\/revisions"}],"predecessor-version":[{"id":2333,"href":"https:\/\/elitemaison.fr\/en\/wp-json\/wp\/v2\/pages\/175\/revisions\/2333"}],"wp:attachment":[{"href":"https:\/\/elitemaison.fr\/en\/wp-json\/wp\/v2\/media?parent=175"}],"curies":[{"name":"wp","href":"https:\/\/api.w.org\/{rel}","templated":true}]}}